{"id":185,"date":"2022-10-19T09:13:13","date_gmt":"2022-10-19T09:13:13","guid":{"rendered":"https:\/\/www.kompletni-stavebni-prace-michal.cz\/?page_id=185"},"modified":"2026-02-18T15:34:52","modified_gmt":"2026-02-18T15:34:52","slug":"kontakty","status":"publish","type":"page","link":"https:\/\/www.kompletni-stavebni-prace-michal.cz\/?page_id=185","title":{"rendered":"Kontakty"},"content":{"rendered":"<p style=\"text-align: center;\"><strong>Michal Ga\u017ei<\/strong><\/p>\n<p style=\"text-align: center;\"><strong>TEL:<\/strong> <span class=\"header-phone\"><a href=\"tel:+420734160976\">+420 734 160 976<\/a><\/span><\/p>\n<p style=\"text-align: center;\"><strong>I\u010cO:<\/strong> 07288999<\/p>\n<p style=\"text-align: center;\"><strong>DI\u010c:<\/strong> CZ8902022536<\/p>\n","protected":false},"excerpt":{"rendered":"<p>Michal Ga\u017ei TEL: +420 734 160 976 I\u010cO: 07288999 DI\u010c: CZ8902022536<\/p>\n","protected":false},"author":2,"featured_media":0,"parent":0,"menu_order":0,"comment_status":"closed","ping_status":"closed","template":"","meta":{"footnotes":""},"class_list":["post-185","page","type-page","status-publish","hentry"],"yoast_head":"<!-- This site is optimized with the Yoast SEO plugin v19.14 - https:\/\/yoast.com\/wordpress\/plugins\/seo\/ -->\n<title>Kontakty - Kompletn\u00ed stavebn\u00ed pr\u00e1ce<\/title>\n<meta name=\"description\" content=\"Stavebn\u00ed \u010dinnost, rekonstrukce interier\u016f, rodin\u00fdch dom\u016f, byt\u016f a bytov\u00fdch jader. Rekonstrujeme i gar\u00e1\u017ee, kancel\u00e1\u0159e, sklady. De\u010d\u00edn. \u010cesk\u00e1 L\u00edpa. \u010cesk\u00e1 Kamenice\" \/>\n<meta name=\"robots\" content=\"index, follow, max-snippet:-1, max-image-preview:large, max-video-preview:-1\" \/>\n<link rel=\"canonical\" href=\"https:\/\/www.kompletni-stavebni-prace-michal.cz\/?page_id=185\" \/>\n<meta property=\"og:locale\" content=\"cs_CZ\" \/>\n<meta property=\"og:type\" content=\"article\" \/>\n<meta property=\"og:title\" content=\"Kontakty - Kompletn\u00ed stavebn\u00ed pr\u00e1ce\" \/>\n<meta property=\"og:description\" content=\"Stavebn\u00ed \u010dinnost, rekonstrukce interier\u016f, rodin\u00fdch dom\u016f, byt\u016f a bytov\u00fdch jader. Rekonstrujeme i gar\u00e1\u017ee, kancel\u00e1\u0159e, sklady. De\u010d\u00edn. \u010cesk\u00e1 L\u00edpa. \u010cesk\u00e1 Kamenice\" \/>\n<meta property=\"og:url\" content=\"https:\/\/www.kompletni-stavebni-prace-michal.cz\/?page_id=185\" \/>\n<meta property=\"og:site_name\" content=\"Kompletn\u00ed stavebn\u00ed pr\u00e1ce\" \/>\n<meta property=\"article:modified_time\" content=\"2026-02-18T15:34:52+00:00\" \/>\n<meta name=\"twitter:card\" content=\"summary_large_image\" \/>\n<meta name=\"twitter:label1\" content=\"Odhadovan\u00e1 doba \u010dten\u00ed\" \/>\n\t<meta name=\"twitter:data1\" content=\"1 minuta\" \/>\n<script type=\"application\/ld+json\" class=\"yoast-schema-graph\">{\"@context\":\"https:\/\/schema.org\",\"@graph\":[{\"@type\":\"WebPage\",\"@id\":\"https:\/\/www.kompletni-stavebni-prace-michal.cz\/?page_id=185\",\"url\":\"https:\/\/www.kompletni-stavebni-prace-michal.cz\/?page_id=185\",\"name\":\"Kontakty - Kompletn\u00ed stavebn\u00ed pr\u00e1ce\",\"isPartOf\":{\"@id\":\"https:\/\/www.kompletni-stavebni-prace-michal.cz\/#website\"},\"datePublished\":\"2022-10-19T09:13:13+00:00\",\"dateModified\":\"2026-02-18T15:34:52+00:00\",\"description\":\"Stavebn\u00ed \u010dinnost, rekonstrukce interier\u016f, rodin\u00fdch dom\u016f, byt\u016f a bytov\u00fdch jader. Rekonstrujeme i gar\u00e1\u017ee, kancel\u00e1\u0159e, sklady. De\u010d\u00edn. \u010cesk\u00e1 L\u00edpa. \u010cesk\u00e1 Kamenice\",\"breadcrumb\":{\"@id\":\"https:\/\/www.kompletni-stavebni-prace-michal.cz\/?page_id=185#breadcrumb\"},\"inLanguage\":\"cs\",\"potentialAction\":[{\"@type\":\"ReadAction\",\"target\":[\"https:\/\/www.kompletni-stavebni-prace-michal.cz\/?page_id=185\"]}]},{\"@type\":\"BreadcrumbList\",\"@id\":\"https:\/\/www.kompletni-stavebni-prace-michal.cz\/?page_id=185#breadcrumb\",\"itemListElement\":[{\"@type\":\"ListItem\",\"position\":1,\"name\":\"Dom\u016f\",\"item\":\"https:\/\/www.kompletni-stavebni-prace-michal.cz\/\"},{\"@type\":\"ListItem\",\"position\":2,\"name\":\"Kontakty\"}]},{\"@type\":\"WebSite\",\"@id\":\"https:\/\/www.kompletni-stavebni-prace-michal.cz\/#website\",\"url\":\"https:\/\/www.kompletni-stavebni-prace-michal.cz\/\",\"name\":\"Kompletn\u00ed stavebn\u00ed pr\u00e1ce\",\"description\":\"Michal Ga\u017ei, Kompletn\u00ed stavebn\u00ed pr\u00e1ce, stavebn\u00ed \u010dinnost a rekonstrukce\",\"alternateName\":\"kompletn\u00ed stavebn\u00ed rekonstrukc\u00ed od A do Z\",\"potentialAction\":[{\"@type\":\"SearchAction\",\"target\":{\"@type\":\"EntryPoint\",\"urlTemplate\":\"https:\/\/www.kompletni-stavebni-prace-michal.cz\/?s={search_term_string}\"},\"query-input\":\"required name=search_term_string\"}],\"inLanguage\":\"cs\"}]}<\/script>\n<!-- \/ Yoast SEO plugin. -->","yoast_head_json":{"title":"Kontakty - Kompletn\u00ed stavebn\u00ed pr\u00e1ce","description":"Stavebn\u00ed \u010dinnost, rekonstrukce interier\u016f, rodin\u00fdch dom\u016f, byt\u016f a bytov\u00fdch jader. Rekonstrujeme i gar\u00e1\u017ee, kancel\u00e1\u0159e, sklady. De\u010d\u00edn. \u010cesk\u00e1 L\u00edpa. \u010cesk\u00e1 Kamenice","robots":{"index":"index","follow":"follow","max-snippet":"max-snippet:-1","max-image-preview":"max-image-preview:large","max-video-preview":"max-video-preview:-1"},"canonical":"https:\/\/www.kompletni-stavebni-prace-michal.cz\/?page_id=185","og_locale":"cs_CZ","og_type":"article","og_title":"Kontakty - Kompletn\u00ed stavebn\u00ed pr\u00e1ce","og_description":"Stavebn\u00ed \u010dinnost, rekonstrukce interier\u016f, rodin\u00fdch dom\u016f, byt\u016f a bytov\u00fdch jader. Rekonstrujeme i gar\u00e1\u017ee, kancel\u00e1\u0159e, sklady. De\u010d\u00edn. \u010cesk\u00e1 L\u00edpa. \u010cesk\u00e1 Kamenice","og_url":"https:\/\/www.kompletni-stavebni-prace-michal.cz\/?page_id=185","og_site_name":"Kompletn\u00ed stavebn\u00ed pr\u00e1ce","article_modified_time":"2026-02-18T15:34:52+00:00","twitter_card":"summary_large_image","twitter_misc":{"Odhadovan\u00e1 doba \u010dten\u00ed":"1 minuta"},"schema":{"@context":"https:\/\/schema.org","@graph":[{"@type":"WebPage","@id":"https:\/\/www.kompletni-stavebni-prace-michal.cz\/?page_id=185","url":"https:\/\/www.kompletni-stavebni-prace-michal.cz\/?page_id=185","name":"Kontakty - Kompletn\u00ed stavebn\u00ed pr\u00e1ce","isPartOf":{"@id":"https:\/\/www.kompletni-stavebni-prace-michal.cz\/#website"},"datePublished":"2022-10-19T09:13:13+00:00","dateModified":"2026-02-18T15:34:52+00:00","description":"Stavebn\u00ed \u010dinnost, rekonstrukce interier\u016f, rodin\u00fdch dom\u016f, byt\u016f a bytov\u00fdch jader. Rekonstrujeme i gar\u00e1\u017ee, kancel\u00e1\u0159e, sklady. De\u010d\u00edn. \u010cesk\u00e1 L\u00edpa. \u010cesk\u00e1 Kamenice","breadcrumb":{"@id":"https:\/\/www.kompletni-stavebni-prace-michal.cz\/?page_id=185#breadcrumb"},"inLanguage":"cs","potentialAction":[{"@type":"ReadAction","target":["https:\/\/www.kompletni-stavebni-prace-michal.cz\/?page_id=185"]}]},{"@type":"BreadcrumbList","@id":"https:\/\/www.kompletni-stavebni-prace-michal.cz\/?page_id=185#breadcrumb","itemListElement":[{"@type":"ListItem","position":1,"name":"Dom\u016f","item":"https:\/\/www.kompletni-stavebni-prace-michal.cz\/"},{"@type":"ListItem","position":2,"name":"Kontakty"}]},{"@type":"WebSite","@id":"https:\/\/www.kompletni-stavebni-prace-michal.cz\/#website","url":"https:\/\/www.kompletni-stavebni-prace-michal.cz\/","name":"Kompletn\u00ed stavebn\u00ed pr\u00e1ce","description":"Michal Ga\u017ei, Kompletn\u00ed stavebn\u00ed pr\u00e1ce, stavebn\u00ed \u010dinnost a rekonstrukce","alternateName":"kompletn\u00ed stavebn\u00ed rekonstrukc\u00ed od A do Z","potentialAction":[{"@type":"SearchAction","target":{"@type":"EntryPoint","urlTemplate":"https:\/\/www.kompletni-stavebni-prace-michal.cz\/?s={search_term_string}"},"query-input":"required name=search_term_string"}],"inLanguage":"cs"}]}},"_links":{"self":[{"href":"https:\/\/www.kompletni-stavebni-prace-michal.cz\/index.php?rest_route=\/wp\/v2\/pages\/185","targetHints":{"allow":["GET"]}}],"collection":[{"href":"https:\/\/www.kompletni-stavebni-prace-michal.cz\/index.php?rest_route=\/wp\/v2\/pages"}],"about":[{"href":"https:\/\/www.kompletni-stavebni-prace-michal.cz\/index.php?rest_route=\/wp\/v2\/types\/page"}],"author":[{"embeddable":true,"href":"https:\/\/www.kompletni-stavebni-prace-michal.cz\/index.php?rest_route=\/wp\/v2\/users\/2"}],"replies":[{"embeddable":true,"href":"https:\/\/www.kompletni-stavebni-prace-michal.cz\/index.php?rest_route=%2Fwp%2Fv2%2Fcomments&post=185"}],"version-history":[{"count":3,"href":"https:\/\/www.kompletni-stavebni-prace-michal.cz\/index.php?rest_route=\/wp\/v2\/pages\/185\/revisions"}],"predecessor-version":[{"id":256,"href":"https:\/\/www.kompletni-stavebni-prace-michal.cz\/index.php?rest_route=\/wp\/v2\/pages\/185\/revisions\/256"}],"wp:attachment":[{"href":"https:\/\/www.kompletni-stavebni-prace-michal.cz\/index.php?rest_route=%2Fwp%2Fv2%2Fmedia&parent=185"}],"curies":[{"name":"wp","href":"https:\/\/api.w.org\/{rel}","templated":true}]}}