{"id":89,"date":"2022-06-20T16:03:30","date_gmt":"2022-06-20T16:03:30","guid":{"rendered":"https:\/\/www.kompletni-stavebni-prace-michal.cz\/?page_id=89"},"modified":"2024-04-12T12:45:04","modified_gmt":"2024-04-12T12:45:04","slug":"certifikaty","status":"publish","type":"page","link":"https:\/\/www.kompletni-stavebni-prace-michal.cz\/?page_id=89","title":{"rendered":"Certifikaty"},"content":{"rendered":"<h3 style=\"text-align: center;\">Certifik\u00e1t spolehliv\u00e9ho dodavatele<\/h3>\n<p><a href=\"http:\/\/www.kompletni-stavebni-prace-michal.cz\/wp-content\/uploads\/2022\/06\/certifikat.pdf\" target=\"_blank\" rel=\"noopener\"><img decoding=\"async\" class=\"aligncenter\" title=\"Certifikat\" src=\"http:\/\/www.kompletni-stavebni-prace-michal.cz\/wp-content\/uploads\/2022\/06\/certifikat.jpg\" width=\"600\" \/><\/a><\/p>\n<h3 style=\"text-align: center;\">Poji\u0161t\u011bn\u00ed podnikatele a pr\u00e1vnick\u00fdch osob<\/h3>\n<p><a href=\"http:\/\/www.kompletni-stavebni-prace-michal.cz\/wp-content\/uploads\/2022\/06\/pojistka.pdf\" target=\"_blank\" rel=\"noopener\"><img decoding=\"async\" class=\"aligncenter\" title=\"Certifikat\" src=\"http:\/\/www.kompletni-stavebni-prace-michal.cz\/wp-content\/uploads\/2022\/06\/pojistka.jpg\" width=\"600\" \/><\/a><\/p>\n<h3 style=\"text-align: center;\">Poptavej.cz<\/h3>\n<p><a href=\"http:\/\/www.kompletni-stavebni-prace-michal.cz\/wp-content\/uploads\/2022\/06\/poptavej.jpg\" target=\"_blank\" rel=\"noopener\"><img loading=\"lazy\" decoding=\"async\" class=\"aligncenter\" title=\"Poptavej.cz\" src=\"http:\/\/www.kompletni-stavebni-prace-michal.cz\/wp-content\/uploads\/2022\/06\/poptavej.jpg\" alt=\"\" width=\"600\" height=\"2339\" \/><\/a><\/p>\n<p>&nbsp;<\/p>\n","protected":false},"excerpt":{"rendered":"<p>Certifik\u00e1t spolehliv\u00e9ho dodavatele Poji\u0161t\u011bn\u00ed podnikatele a pr\u00e1vnick\u00fdch osob Poptavej.cz &nbsp;<\/p>\n","protected":false},"author":2,"featured_media":0,"parent":0,"menu_order":0,"comment_status":"closed","ping_status":"closed","template":"","meta":{"footnotes":""},"class_list":["post-89","page","type-page","status-publish","hentry"],"yoast_head":"<!-- This site is optimized with the Yoast SEO plugin v19.14 - https:\/\/yoast.com\/wordpress\/plugins\/seo\/ -->\n<title>Certifikaty - Kompletn\u00ed stavebn\u00ed pr\u00e1ce<\/title>\n<meta name=\"description\" content=\"Stavebn\u00ed \u010dinnost, rekonstrukce interier\u016f, rodin\u00fdch dom\u016f, byt\u016f a bytov\u00fdch jader. Rekonstrujeme i gar\u00e1\u017ee, kancel\u00e1\u0159e, sklady. De\u010d\u00edn. \u010cesk\u00e1 L\u00edpa. \u010cesk\u00e1 Kamenice\" \/>\n<meta name=\"robots\" content=\"index, follow, max-snippet:-1, max-image-preview:large, max-video-preview:-1\" \/>\n<link rel=\"canonical\" href=\"https:\/\/www.kompletni-stavebni-prace-michal.cz\/?page_id=89\" \/>\n<meta property=\"og:locale\" content=\"cs_CZ\" \/>\n<meta property=\"og:type\" content=\"article\" \/>\n<meta property=\"og:title\" content=\"Certifikaty - Kompletn\u00ed stavebn\u00ed pr\u00e1ce\" \/>\n<meta property=\"og:description\" content=\"Stavebn\u00ed \u010dinnost, rekonstrukce interier\u016f, rodin\u00fdch dom\u016f, byt\u016f a bytov\u00fdch jader. Rekonstrujeme i gar\u00e1\u017ee, kancel\u00e1\u0159e, sklady. De\u010d\u00edn. \u010cesk\u00e1 L\u00edpa. \u010cesk\u00e1 Kamenice\" \/>\n<meta property=\"og:url\" content=\"https:\/\/www.kompletni-stavebni-prace-michal.cz\/?page_id=89\" \/>\n<meta property=\"og:site_name\" content=\"Kompletn\u00ed stavebn\u00ed pr\u00e1ce\" \/>\n<meta property=\"article:modified_time\" content=\"2024-04-12T12:45:04+00:00\" \/>\n<meta property=\"og:image\" content=\"http:\/\/www.kompletni-stavebni-prace-michal.cz\/wp-content\/uploads\/2022\/06\/certifikat.jpg\" \/>\n<meta name=\"twitter:card\" content=\"summary_large_image\" \/>\n<script type=\"application\/ld+json\" class=\"yoast-schema-graph\">{\"@context\":\"https:\/\/schema.org\",\"@graph\":[{\"@type\":\"WebPage\",\"@id\":\"https:\/\/www.kompletni-stavebni-prace-michal.cz\/?page_id=89\",\"url\":\"https:\/\/www.kompletni-stavebni-prace-michal.cz\/?page_id=89\",\"name\":\"Certifikaty - Kompletn\u00ed stavebn\u00ed pr\u00e1ce\",\"isPartOf\":{\"@id\":\"https:\/\/www.kompletni-stavebni-prace-michal.cz\/#website\"},\"datePublished\":\"2022-06-20T16:03:30+00:00\",\"dateModified\":\"2024-04-12T12:45:04+00:00\",\"description\":\"Stavebn\u00ed \u010dinnost, rekonstrukce interier\u016f, rodin\u00fdch dom\u016f, byt\u016f a bytov\u00fdch jader. Rekonstrujeme i gar\u00e1\u017ee, kancel\u00e1\u0159e, sklady. De\u010d\u00edn. \u010cesk\u00e1 L\u00edpa. \u010cesk\u00e1 Kamenice\",\"breadcrumb\":{\"@id\":\"https:\/\/www.kompletni-stavebni-prace-michal.cz\/?page_id=89#breadcrumb\"},\"inLanguage\":\"cs\",\"potentialAction\":[{\"@type\":\"ReadAction\",\"target\":[\"https:\/\/www.kompletni-stavebni-prace-michal.cz\/?page_id=89\"]}]},{\"@type\":\"BreadcrumbList\",\"@id\":\"https:\/\/www.kompletni-stavebni-prace-michal.cz\/?page_id=89#breadcrumb\",\"itemListElement\":[{\"@type\":\"ListItem\",\"position\":1,\"name\":\"Dom\u016f\",\"item\":\"https:\/\/www.kompletni-stavebni-prace-michal.cz\/\"},{\"@type\":\"ListItem\",\"position\":2,\"name\":\"Certifikaty\"}]},{\"@type\":\"WebSite\",\"@id\":\"https:\/\/www.kompletni-stavebni-prace-michal.cz\/#website\",\"url\":\"https:\/\/www.kompletni-stavebni-prace-michal.cz\/\",\"name\":\"Kompletn\u00ed stavebn\u00ed pr\u00e1ce\",\"description\":\"Michal Ga\u017ei, Kompletn\u00ed stavebn\u00ed pr\u00e1ce, stavebn\u00ed \u010dinnost a rekonstrukce\",\"alternateName\":\"kompletn\u00ed stavebn\u00ed rekonstrukc\u00ed od A do Z\",\"potentialAction\":[{\"@type\":\"SearchAction\",\"target\":{\"@type\":\"EntryPoint\",\"urlTemplate\":\"https:\/\/www.kompletni-stavebni-prace-michal.cz\/?s={search_term_string}\"},\"query-input\":\"required name=search_term_string\"}],\"inLanguage\":\"cs\"}]}<\/script>\n<!-- \/ Yoast SEO plugin. -->","yoast_head_json":{"title":"Certifikaty - Kompletn\u00ed stavebn\u00ed pr\u00e1ce","description":"Stavebn\u00ed \u010dinnost, rekonstrukce interier\u016f, rodin\u00fdch dom\u016f, byt\u016f a bytov\u00fdch jader. Rekonstrujeme i gar\u00e1\u017ee, kancel\u00e1\u0159e, sklady. De\u010d\u00edn. \u010cesk\u00e1 L\u00edpa. \u010cesk\u00e1 Kamenice","robots":{"index":"index","follow":"follow","max-snippet":"max-snippet:-1","max-image-preview":"max-image-preview:large","max-video-preview":"max-video-preview:-1"},"canonical":"https:\/\/www.kompletni-stavebni-prace-michal.cz\/?page_id=89","og_locale":"cs_CZ","og_type":"article","og_title":"Certifikaty - Kompletn\u00ed stavebn\u00ed pr\u00e1ce","og_description":"Stavebn\u00ed \u010dinnost, rekonstrukce interier\u016f, rodin\u00fdch dom\u016f, byt\u016f a bytov\u00fdch jader. Rekonstrujeme i gar\u00e1\u017ee, kancel\u00e1\u0159e, sklady. De\u010d\u00edn. \u010cesk\u00e1 L\u00edpa. \u010cesk\u00e1 Kamenice","og_url":"https:\/\/www.kompletni-stavebni-prace-michal.cz\/?page_id=89","og_site_name":"Kompletn\u00ed stavebn\u00ed pr\u00e1ce","article_modified_time":"2024-04-12T12:45:04+00:00","og_image":[{"url":"http:\/\/www.kompletni-stavebni-prace-michal.cz\/wp-content\/uploads\/2022\/06\/certifikat.jpg"}],"twitter_card":"summary_large_image","schema":{"@context":"https:\/\/schema.org","@graph":[{"@type":"WebPage","@id":"https:\/\/www.kompletni-stavebni-prace-michal.cz\/?page_id=89","url":"https:\/\/www.kompletni-stavebni-prace-michal.cz\/?page_id=89","name":"Certifikaty - Kompletn\u00ed stavebn\u00ed pr\u00e1ce","isPartOf":{"@id":"https:\/\/www.kompletni-stavebni-prace-michal.cz\/#website"},"datePublished":"2022-06-20T16:03:30+00:00","dateModified":"2024-04-12T12:45:04+00:00","description":"Stavebn\u00ed \u010dinnost, rekonstrukce interier\u016f, rodin\u00fdch dom\u016f, byt\u016f a bytov\u00fdch jader. Rekonstrujeme i gar\u00e1\u017ee, kancel\u00e1\u0159e, sklady. De\u010d\u00edn. \u010cesk\u00e1 L\u00edpa. \u010cesk\u00e1 Kamenice","breadcrumb":{"@id":"https:\/\/www.kompletni-stavebni-prace-michal.cz\/?page_id=89#breadcrumb"},"inLanguage":"cs","potentialAction":[{"@type":"ReadAction","target":["https:\/\/www.kompletni-stavebni-prace-michal.cz\/?page_id=89"]}]},{"@type":"BreadcrumbList","@id":"https:\/\/www.kompletni-stavebni-prace-michal.cz\/?page_id=89#breadcrumb","itemListElement":[{"@type":"ListItem","position":1,"name":"Dom\u016f","item":"https:\/\/www.kompletni-stavebni-prace-michal.cz\/"},{"@type":"ListItem","position":2,"name":"Certifikaty"}]},{"@type":"WebSite","@id":"https:\/\/www.kompletni-stavebni-prace-michal.cz\/#website","url":"https:\/\/www.kompletni-stavebni-prace-michal.cz\/","name":"Kompletn\u00ed stavebn\u00ed pr\u00e1ce","description":"Michal Ga\u017ei, Kompletn\u00ed stavebn\u00ed pr\u00e1ce, stavebn\u00ed \u010dinnost a rekonstrukce","alternateName":"kompletn\u00ed stavebn\u00ed rekonstrukc\u00ed od A do Z","potentialAction":[{"@type":"SearchAction","target":{"@type":"EntryPoint","urlTemplate":"https:\/\/www.kompletni-stavebni-prace-michal.cz\/?s={search_term_string}"},"query-input":"required name=search_term_string"}],"inLanguage":"cs"}]}},"_links":{"self":[{"href":"https:\/\/www.kompletni-stavebni-prace-michal.cz\/index.php?rest_route=\/wp\/v2\/pages\/89","targetHints":{"allow":["GET"]}}],"collection":[{"href":"https:\/\/www.kompletni-stavebni-prace-michal.cz\/index.php?rest_route=\/wp\/v2\/pages"}],"about":[{"href":"https:\/\/www.kompletni-stavebni-prace-michal.cz\/index.php?rest_route=\/wp\/v2\/types\/page"}],"author":[{"embeddable":true,"href":"https:\/\/www.kompletni-stavebni-prace-michal.cz\/index.php?rest_route=\/wp\/v2\/users\/2"}],"replies":[{"embeddable":true,"href":"https:\/\/www.kompletni-stavebni-prace-michal.cz\/index.php?rest_route=%2Fwp%2Fv2%2Fcomments&post=89"}],"version-history":[{"count":9,"href":"https:\/\/www.kompletni-stavebni-prace-michal.cz\/index.php?rest_route=\/wp\/v2\/pages\/89\/revisions"}],"predecessor-version":[{"id":194,"href":"https:\/\/www.kompletni-stavebni-prace-michal.cz\/index.php?rest_route=\/wp\/v2\/pages\/89\/revisions\/194"}],"wp:attachment":[{"href":"https:\/\/www.kompletni-stavebni-prace-michal.cz\/index.php?rest_route=%2Fwp%2Fv2%2Fmedia&parent=89"}],"curies":[{"name":"wp","href":"https:\/\/api.w.org\/{rel}","templated":true}]}}